{"id":81,"date":"2021-02-23T17:45:33","date_gmt":"2021-02-23T17:45:33","guid":{"rendered":"https:\/\/lightgreen-monkey-875573.hostingersite.com\/?post_type=product&#038;p=81"},"modified":"2026-02-16T10:56:43","modified_gmt":"2026-02-16T15:56:43","slug":"scoop-rake","status":"publish","type":"product","link":"https:\/\/shop.coastaljibs.ca\/fr\/produit\/scoop-rake\/","title":{"rendered":"Scoop Rake"},"content":{"rendered":"<p>Besoin de creuser le parc \u00e0 neige apr\u00e8s une grosse \u00ab\u00a0domp\u00a0\u00bb de neige? Pas de probl\u00e8me! Le scoop a une t\u00eate de 26 pouces de large qui permet de d\u00e9placer une bonne quantit\u00e9 de neige. Id\u00e9al pour les plus gros travaux, sa construction en aluminium est faite pour durer. La peinture en poudre sur l\u2019aluminium permet une protection robuste qui emp\u00eache la neige de coller \u00e0 la lame, rendant l\u2019ensemble plus l\u00e9ger et agr\u00e9able \u00e0 utiliser.<\/p>\n<p>T\u00eate\u00a0: 26\u2033 de large, en aluminium, finition peinture cuite.<\/p>\n<p>Manche : 60\u2033 de long, en aluminium, finition peinture cuite.<\/p>\n<p><a href=\"https:\/\/shop.coastaljibs.ca\/wp-content\/uploads\/2023\/10\/scoop_insctructions-scaled.jpg\">T\u00e9l\u00e9charger les instructions d'assemblage.<\/a><\/p>","protected":false},"excerpt":{"rendered":"<p>Lame de 26 pouces de large, construction robuste en aluminium, dents d\u00e9coup\u00e9es au laser et g\u00e9om\u00e9trie parfaite font de cet outil le meilleur alli\u00e9 de votre \u00e9quipe de parc!<\/p>\n<p>Maintenant disponible avec poign\u00e9e en D et poign\u00e9e en T.<\/p>","protected":false},"featured_media":1166,"template":"","meta":{"_acf_changed":false},"product_brand":[],"product_cat":[84],"product_tag":[],"class_list":{"0":"post-81","1":"product","2":"type-product","3":"status-publish","4":"has-post-thumbnail","6":"product_cat-snowtools","7":"","9":"first","10":"instock","11":"taxable","12":"shipping-taxable","13":"purchasable","14":"product-type-variable"},"acf":[],"yoast_head":"<!-- This site is optimized with the Yoast SEO plugin v27.0 - https:\/\/yoast.com\/product\/yoast-seo-wordpress\/ -->\n<title>Scoop Rake - Coastal Jibs Shop<\/title>\n<meta name=\"robots\" content=\"index, follow, max-snippet:-1, max-image-preview:large, max-video-preview:-1\" \/>\n<link rel=\"canonical\" href=\"https:\/\/shop.coastaljibs.ca\/fr\/produit\/scoop-rake\/\" \/>\n<meta property=\"og:locale\" content=\"fr_CA\" \/>\n<meta property=\"og:type\" content=\"article\" \/>\n<meta property=\"og:title\" content=\"Scoop Rake - Coastal Jibs Shop\" \/>\n<meta property=\"og:description\" content=\"26 inch wide blade, rugged aluminum construction, laser-cut teeth and perfect angles make this tool your park staff\u2019s best friends!  Now available in both T-handle and D-handle.\" \/>\n<meta property=\"og:url\" content=\"https:\/\/shop.coastaljibs.ca\/fr\/produit\/scoop-rake\/\" \/>\n<meta property=\"og:site_name\" content=\"Coastal Jibs Shop\" \/>\n<meta property=\"article:publisher\" content=\"https:\/\/www.facebook.com\/CoastalJibs\" \/>\n<meta property=\"article:modified_time\" content=\"2026-02-16T15:56:43+00:00\" \/>\n<meta property=\"og:image\" content=\"https:\/\/shop.coastaljibs.ca\/wp-content\/uploads\/2025\/10\/Coastal-Jibs-Scoop-rake.jpg\" \/>\n\t<meta property=\"og:image:width\" content=\"960\" \/>\n\t<meta property=\"og:image:height\" content=\"960\" \/>\n\t<meta property=\"og:image:type\" content=\"image\/jpeg\" \/>\n<meta name=\"twitter:card\" content=\"summary_large_image\" \/>\n<script type=\"application\/ld+json\" class=\"yoast-schema-graph\">{\"@context\":\"https:\/\/schema.org\",\"@graph\":[{\"@type\":\"WebPage\",\"@id\":\"https:\/\/shop.coastaljibs.ca\/product\/scoop-rake\/\",\"url\":\"https:\/\/shop.coastaljibs.ca\/product\/scoop-rake\/\",\"name\":\"Scoop Rake - Coastal Jibs Shop\",\"isPartOf\":{\"@id\":\"https:\/\/shop.coastaljibs.ca\/fr\/#website\"},\"primaryImageOfPage\":{\"@id\":\"https:\/\/shop.coastaljibs.ca\/product\/scoop-rake\/#primaryimage\"},\"image\":{\"@id\":\"https:\/\/shop.coastaljibs.ca\/product\/scoop-rake\/#primaryimage\"},\"thumbnailUrl\":\"https:\/\/i0.wp.com\/shop.coastaljibs.ca\/wp-content\/uploads\/2025\/10\/Coastal-Jibs-Scoop-rake.jpg?fit=960%2C960&ssl=1\",\"datePublished\":\"2021-02-23T17:45:33+00:00\",\"dateModified\":\"2026-02-16T15:56:43+00:00\",\"breadcrumb\":{\"@id\":\"https:\/\/shop.coastaljibs.ca\/product\/scoop-rake\/#breadcrumb\"},\"inLanguage\":\"fr-CA\",\"potentialAction\":[{\"@type\":\"ReadAction\",\"target\":[\"https:\/\/shop.coastaljibs.ca\/product\/scoop-rake\/\"]}]},{\"@type\":\"ImageObject\",\"inLanguage\":\"fr-CA\",\"@id\":\"https:\/\/shop.coastaljibs.ca\/product\/scoop-rake\/#primaryimage\",\"url\":\"https:\/\/i0.wp.com\/shop.coastaljibs.ca\/wp-content\/uploads\/2025\/10\/Coastal-Jibs-Scoop-rake.jpg?fit=960%2C960&ssl=1\",\"contentUrl\":\"https:\/\/i0.wp.com\/shop.coastaljibs.ca\/wp-content\/uploads\/2025\/10\/Coastal-Jibs-Scoop-rake.jpg?fit=960%2C960&ssl=1\",\"width\":960,\"height\":960,\"caption\":\"Scoop Rake\"},{\"@type\":\"BreadcrumbList\",\"@id\":\"https:\/\/shop.coastaljibs.ca\/product\/scoop-rake\/#breadcrumb\",\"itemListElement\":[{\"@type\":\"ListItem\",\"position\":1,\"name\":\"Home\",\"item\":\"https:\/\/shop.coastaljibs.ca\/\"},{\"@type\":\"ListItem\",\"position\":2,\"name\":\"Shop\",\"item\":\"https:\/\/shop.coastaljibs.ca\/shop\/\"},{\"@type\":\"ListItem\",\"position\":3,\"name\":\"Scoop Rake\"}]},{\"@type\":\"WebSite\",\"@id\":\"https:\/\/shop.coastaljibs.ca\/fr\/#website\",\"url\":\"https:\/\/shop.coastaljibs.ca\/fr\/\",\"name\":\"Coastal Jibs Shop\",\"description\":\"Online store for backyard rails, skate rails, dirt and snow tools.\",\"publisher\":{\"@id\":\"https:\/\/shop.coastaljibs.ca\/fr\/#organization\"},\"potentialAction\":[{\"@type\":\"SearchAction\",\"target\":{\"@type\":\"EntryPoint\",\"urlTemplate\":\"https:\/\/shop.coastaljibs.ca\/fr\/?s={search_term_string}\"},\"query-input\":{\"@type\":\"PropertyValueSpecification\",\"valueRequired\":true,\"valueName\":\"search_term_string\"}}],\"inLanguage\":\"fr-CA\"},{\"@type\":\"Organization\",\"@id\":\"https:\/\/shop.coastaljibs.ca\/fr\/#organization\",\"name\":\"Coastal Jibs Shop\",\"url\":\"https:\/\/shop.coastaljibs.ca\/fr\/\",\"logo\":{\"@type\":\"ImageObject\",\"inLanguage\":\"fr-CA\",\"@id\":\"https:\/\/shop.coastaljibs.ca\/fr\/#\/schema\/logo\/image\/\",\"url\":\"https:\/\/i0.wp.com\/shop.coastaljibs.ca\/wp-content\/uploads\/2024\/02\/coastal_jibs_black_borders.png?fit=2750%2C2125&ssl=1\",\"contentUrl\":\"https:\/\/i0.wp.com\/shop.coastaljibs.ca\/wp-content\/uploads\/2024\/02\/coastal_jibs_black_borders.png?fit=2750%2C2125&ssl=1\",\"width\":2750,\"height\":2125,\"caption\":\"Coastal Jibs Shop\"},\"image\":{\"@id\":\"https:\/\/shop.coastaljibs.ca\/fr\/#\/schema\/logo\/image\/\"},\"sameAs\":[\"https:\/\/www.facebook.com\/CoastalJibs\",\"https:\/\/www.instagram.com\/coastaljibs\/\"]}]}<\/script>\n<!-- \/ Yoast SEO plugin. -->","yoast_head_json":{"title":"Scoop Rake - Coastal Jibs Shop","robots":{"index":"index","follow":"follow","max-snippet":"max-snippet:-1","max-image-preview":"max-image-preview:large","max-video-preview":"max-video-preview:-1"},"canonical":"https:\/\/shop.coastaljibs.ca\/fr\/produit\/scoop-rake\/","og_locale":"fr_CA","og_type":"article","og_title":"Scoop Rake - Coastal Jibs Shop","og_description":"26 inch wide blade, rugged aluminum construction, laser-cut teeth and perfect angles make this tool your park staff\u2019s best friends!  Now available in both T-handle and D-handle.","og_url":"https:\/\/shop.coastaljibs.ca\/fr\/produit\/scoop-rake\/","og_site_name":"Coastal Jibs Shop","article_publisher":"https:\/\/www.facebook.com\/CoastalJibs","article_modified_time":"2026-02-16T15:56:43+00:00","og_image":[{"width":960,"height":960,"url":"https:\/\/shop.coastaljibs.ca\/wp-content\/uploads\/2025\/10\/Coastal-Jibs-Scoop-rake.jpg","type":"image\/jpeg"}],"twitter_card":"summary_large_image","schema":{"@context":"https:\/\/schema.org","@graph":[{"@type":"WebPage","@id":"https:\/\/shop.coastaljibs.ca\/product\/scoop-rake\/","url":"https:\/\/shop.coastaljibs.ca\/product\/scoop-rake\/","name":"Scoop Rake - Coastal Jibs Shop","isPartOf":{"@id":"https:\/\/shop.coastaljibs.ca\/fr\/#website"},"primaryImageOfPage":{"@id":"https:\/\/shop.coastaljibs.ca\/product\/scoop-rake\/#primaryimage"},"image":{"@id":"https:\/\/shop.coastaljibs.ca\/product\/scoop-rake\/#primaryimage"},"thumbnailUrl":"https:\/\/i0.wp.com\/shop.coastaljibs.ca\/wp-content\/uploads\/2025\/10\/Coastal-Jibs-Scoop-rake.jpg?fit=960%2C960&ssl=1","datePublished":"2021-02-23T17:45:33+00:00","dateModified":"2026-02-16T15:56:43+00:00","breadcrumb":{"@id":"https:\/\/shop.coastaljibs.ca\/product\/scoop-rake\/#breadcrumb"},"inLanguage":"fr-CA","potentialAction":[{"@type":"ReadAction","target":["https:\/\/shop.coastaljibs.ca\/product\/scoop-rake\/"]}]},{"@type":"ImageObject","inLanguage":"fr-CA","@id":"https:\/\/shop.coastaljibs.ca\/product\/scoop-rake\/#primaryimage","url":"https:\/\/i0.wp.com\/shop.coastaljibs.ca\/wp-content\/uploads\/2025\/10\/Coastal-Jibs-Scoop-rake.jpg?fit=960%2C960&ssl=1","contentUrl":"https:\/\/i0.wp.com\/shop.coastaljibs.ca\/wp-content\/uploads\/2025\/10\/Coastal-Jibs-Scoop-rake.jpg?fit=960%2C960&ssl=1","width":960,"height":960,"caption":"Scoop Rake"},{"@type":"BreadcrumbList","@id":"https:\/\/shop.coastaljibs.ca\/product\/scoop-rake\/#breadcrumb","itemListElement":[{"@type":"ListItem","position":1,"name":"Home","item":"https:\/\/shop.coastaljibs.ca\/"},{"@type":"ListItem","position":2,"name":"Shop","item":"https:\/\/shop.coastaljibs.ca\/shop\/"},{"@type":"ListItem","position":3,"name":"Scoop Rake"}]},{"@type":"WebSite","@id":"https:\/\/shop.coastaljibs.ca\/fr\/#website","url":"https:\/\/shop.coastaljibs.ca\/fr\/","name":"Coastal Jibs Shop","description":"Online store for backyard rails, skate rails, dirt and snow tools.","publisher":{"@id":"https:\/\/shop.coastaljibs.ca\/fr\/#organization"},"potentialAction":[{"@type":"SearchAction","target":{"@type":"EntryPoint","urlTemplate":"https:\/\/shop.coastaljibs.ca\/fr\/?s={search_term_string}"},"query-input":{"@type":"PropertyValueSpecification","valueRequired":true,"valueName":"search_term_string"}}],"inLanguage":"fr-CA"},{"@type":"Organization","@id":"https:\/\/shop.coastaljibs.ca\/fr\/#organization","name":"Coastal Jibs Shop","url":"https:\/\/shop.coastaljibs.ca\/fr\/","logo":{"@type":"ImageObject","inLanguage":"fr-CA","@id":"https:\/\/shop.coastaljibs.ca\/fr\/#\/schema\/logo\/image\/","url":"https:\/\/i0.wp.com\/shop.coastaljibs.ca\/wp-content\/uploads\/2024\/02\/coastal_jibs_black_borders.png?fit=2750%2C2125&ssl=1","contentUrl":"https:\/\/i0.wp.com\/shop.coastaljibs.ca\/wp-content\/uploads\/2024\/02\/coastal_jibs_black_borders.png?fit=2750%2C2125&ssl=1","width":2750,"height":2125,"caption":"Coastal Jibs Shop"},"image":{"@id":"https:\/\/shop.coastaljibs.ca\/fr\/#\/schema\/logo\/image\/"},"sameAs":["https:\/\/www.facebook.com\/CoastalJibs","https:\/\/www.instagram.com\/coastaljibs\/"]}]}},"jetpack_sharing_enabled":true,"_links":{"self":[{"href":"https:\/\/shop.coastaljibs.ca\/fr\/wp-json\/wp\/v2\/product\/81","targetHints":{"allow":["GET"]}}],"collection":[{"href":"https:\/\/shop.coastaljibs.ca\/fr\/wp-json\/wp\/v2\/product"}],"about":[{"href":"https:\/\/shop.coastaljibs.ca\/fr\/wp-json\/wp\/v2\/types\/product"}],"wp:featuredmedia":[{"embeddable":true,"href":"https:\/\/shop.coastaljibs.ca\/fr\/wp-json\/wp\/v2\/media\/1166"}],"wp:attachment":[{"href":"https:\/\/shop.coastaljibs.ca\/fr\/wp-json\/wp\/v2\/media?parent=81"}],"wp:term":[{"taxonomy":"product_brand","embeddable":true,"href":"https:\/\/shop.coastaljibs.ca\/fr\/wp-json\/wp\/v2\/product_brand?post=81"},{"taxonomy":"product_cat","embeddable":true,"href":"https:\/\/shop.coastaljibs.ca\/fr\/wp-json\/wp\/v2\/product_cat?post=81"},{"taxonomy":"product_tag","embeddable":true,"href":"https:\/\/shop.coastaljibs.ca\/fr\/wp-json\/wp\/v2\/product_tag?post=81"}],"curies":[{"name":"wp","href":"https:\/\/api.w.org\/{rel}","templated":true}]}}