{"id":86,"date":"2021-02-23T18:42:33","date_gmt":"2021-02-23T18:42:33","guid":{"rendered":"https:\/\/lightgreen-monkey-875573.hostingersite.com\/?post_type=product&#038;p=86"},"modified":"2026-03-09T10:51:35","modified_gmt":"2026-03-09T14:51:35","slug":"swinger-rake","status":"publish","type":"product","link":"https:\/\/shop.coastaljibs.ca\/fr\/produit\/swinger-rake\/","title":{"rendered":"Swinger Rake"},"content":{"rendered":"<p>Du maintien des stations de remont\u00e9e \u00e0 travailler sur les transitions de \u00ab pipe \u00bb, le Swinger est l\u2019outil id\u00e9al pour tous les travaux, qu\u2019ils soient de petite ou moyenne envergure. Sa lame all\u00e9g\u00e9e de 26 pouces de large et ses dents pointues vous permettent de sectionner facilement la neige dure et la glace. La peinture en poudre sur l\u2019aluminium permet une protection robuste qui emp\u00eache la neige de coller \u00e0 la lame, rendant l\u2019ensemble plus l\u00e9ger et agr\u00e9able \u00e0 utiliser.<\/p>\n<p>T\u00eate\u00a0: 26\u2033 de large, en aluminium, finition peinture cuite.<\/p>\n<p>Manche : 60\u2033 de long, en aluminium, finition peinture cuite.<\/p>\n<p><a href=\"https:\/\/shop.coastaljibs.ca\/wp-content\/uploads\/2023\/10\/swigner_instructions-scaled.jpg\">T\u00e9l\u00e9charger les instructions d'assemblage.<\/a><\/p>","protected":false},"excerpt":{"rendered":"<p>Nouveau design! Maintenant disponible avec poign\u00e9e en D et poign\u00e9e en T.<\/p>\n<p>Lame all\u00e9g\u00e9e de 26 pouces de large, id\u00e9ale pour le maintien des stations de remont\u00e9e m\u00e9canique et autre travaux l\u00e9gers.<\/p>","protected":false},"featured_media":1167,"template":"","meta":{"_acf_changed":false},"product_brand":[],"product_cat":[84],"product_tag":[],"class_list":{"0":"post-86","1":"product","2":"type-product","3":"status-publish","4":"has-post-thumbnail","6":"product_cat-snowtools","7":"","9":"first","10":"instock","11":"taxable","12":"shipping-taxable","13":"purchasable","14":"product-type-variable"},"acf":[],"yoast_head":"<!-- This site is optimized with the Yoast SEO plugin v27.0 - https:\/\/yoast.com\/product\/yoast-seo-wordpress\/ -->\n<title>Swinger Rake - Coastal Jibs Shop<\/title>\n<meta name=\"robots\" content=\"index, follow, max-snippet:-1, max-image-preview:large, max-video-preview:-1\" \/>\n<link rel=\"canonical\" href=\"https:\/\/shop.coastaljibs.ca\/fr\/produit\/swinger-rake\/\" \/>\n<meta property=\"og:locale\" content=\"fr_CA\" \/>\n<meta property=\"og:type\" content=\"article\" \/>\n<meta property=\"og:title\" content=\"Swinger Rake - Coastal Jibs Shop\" \/>\n<meta property=\"og:description\" content=\"New design for winter 2025-2026! Now available in both T-handle and D-handle.  Lightweight 26 inch wide blade, ideal for maintaining lift stations &amp; light duty maintenance.\" \/>\n<meta property=\"og:url\" content=\"https:\/\/shop.coastaljibs.ca\/fr\/produit\/swinger-rake\/\" \/>\n<meta property=\"og:site_name\" content=\"Coastal Jibs Shop\" \/>\n<meta property=\"article:publisher\" content=\"https:\/\/www.facebook.com\/CoastalJibs\" \/>\n<meta property=\"article:modified_time\" content=\"2026-03-09T14:51:35+00:00\" \/>\n<meta property=\"og:image\" content=\"https:\/\/shop.coastaljibs.ca\/wp-content\/uploads\/2025\/10\/Coastal-Jibs-Swinger-rake.jpg\" \/>\n\t<meta property=\"og:image:width\" content=\"960\" \/>\n\t<meta property=\"og:image:height\" content=\"960\" \/>\n\t<meta property=\"og:image:type\" content=\"image\/jpeg\" \/>\n<meta name=\"twitter:card\" content=\"summary_large_image\" \/>\n<script type=\"application\/ld+json\" class=\"yoast-schema-graph\">{\"@context\":\"https:\/\/schema.org\",\"@graph\":[{\"@type\":\"WebPage\",\"@id\":\"https:\/\/shop.coastaljibs.ca\/product\/swinger-rake\/\",\"url\":\"https:\/\/shop.coastaljibs.ca\/product\/swinger-rake\/\",\"name\":\"Swinger Rake - Coastal Jibs Shop\",\"isPartOf\":{\"@id\":\"https:\/\/shop.coastaljibs.ca\/fr\/#website\"},\"primaryImageOfPage\":{\"@id\":\"https:\/\/shop.coastaljibs.ca\/product\/swinger-rake\/#primaryimage\"},\"image\":{\"@id\":\"https:\/\/shop.coastaljibs.ca\/product\/swinger-rake\/#primaryimage\"},\"thumbnailUrl\":\"https:\/\/i0.wp.com\/shop.coastaljibs.ca\/wp-content\/uploads\/2025\/10\/Coastal-Jibs-Swinger-rake.jpg?fit=960%2C960&ssl=1\",\"datePublished\":\"2021-02-23T18:42:33+00:00\",\"dateModified\":\"2026-03-09T14:51:35+00:00\",\"breadcrumb\":{\"@id\":\"https:\/\/shop.coastaljibs.ca\/product\/swinger-rake\/#breadcrumb\"},\"inLanguage\":\"fr-CA\",\"potentialAction\":[{\"@type\":\"ReadAction\",\"target\":[\"https:\/\/shop.coastaljibs.ca\/product\/swinger-rake\/\"]}]},{\"@type\":\"ImageObject\",\"inLanguage\":\"fr-CA\",\"@id\":\"https:\/\/shop.coastaljibs.ca\/product\/swinger-rake\/#primaryimage\",\"url\":\"https:\/\/i0.wp.com\/shop.coastaljibs.ca\/wp-content\/uploads\/2025\/10\/Coastal-Jibs-Swinger-rake.jpg?fit=960%2C960&ssl=1\",\"contentUrl\":\"https:\/\/i0.wp.com\/shop.coastaljibs.ca\/wp-content\/uploads\/2025\/10\/Coastal-Jibs-Swinger-rake.jpg?fit=960%2C960&ssl=1\",\"width\":960,\"height\":960,\"caption\":\"Swinger rake\"},{\"@type\":\"BreadcrumbList\",\"@id\":\"https:\/\/shop.coastaljibs.ca\/product\/swinger-rake\/#breadcrumb\",\"itemListElement\":[{\"@type\":\"ListItem\",\"position\":1,\"name\":\"Home\",\"item\":\"https:\/\/shop.coastaljibs.ca\/\"},{\"@type\":\"ListItem\",\"position\":2,\"name\":\"Shop\",\"item\":\"https:\/\/shop.coastaljibs.ca\/shop\/\"},{\"@type\":\"ListItem\",\"position\":3,\"name\":\"Swinger Rake\"}]},{\"@type\":\"WebSite\",\"@id\":\"https:\/\/shop.coastaljibs.ca\/fr\/#website\",\"url\":\"https:\/\/shop.coastaljibs.ca\/fr\/\",\"name\":\"Coastal Jibs Shop\",\"description\":\"Online store for backyard rails, skate rails, dirt and snow tools.\",\"publisher\":{\"@id\":\"https:\/\/shop.coastaljibs.ca\/fr\/#organization\"},\"potentialAction\":[{\"@type\":\"SearchAction\",\"target\":{\"@type\":\"EntryPoint\",\"urlTemplate\":\"https:\/\/shop.coastaljibs.ca\/fr\/?s={search_term_string}\"},\"query-input\":{\"@type\":\"PropertyValueSpecification\",\"valueRequired\":true,\"valueName\":\"search_term_string\"}}],\"inLanguage\":\"fr-CA\"},{\"@type\":\"Organization\",\"@id\":\"https:\/\/shop.coastaljibs.ca\/fr\/#organization\",\"name\":\"Coastal Jibs Shop\",\"url\":\"https:\/\/shop.coastaljibs.ca\/fr\/\",\"logo\":{\"@type\":\"ImageObject\",\"inLanguage\":\"fr-CA\",\"@id\":\"https:\/\/shop.coastaljibs.ca\/fr\/#\/schema\/logo\/image\/\",\"url\":\"https:\/\/i0.wp.com\/shop.coastaljibs.ca\/wp-content\/uploads\/2024\/02\/coastal_jibs_black_borders.png?fit=2750%2C2125&ssl=1\",\"contentUrl\":\"https:\/\/i0.wp.com\/shop.coastaljibs.ca\/wp-content\/uploads\/2024\/02\/coastal_jibs_black_borders.png?fit=2750%2C2125&ssl=1\",\"width\":2750,\"height\":2125,\"caption\":\"Coastal Jibs Shop\"},\"image\":{\"@id\":\"https:\/\/shop.coastaljibs.ca\/fr\/#\/schema\/logo\/image\/\"},\"sameAs\":[\"https:\/\/www.facebook.com\/CoastalJibs\",\"https:\/\/www.instagram.com\/coastaljibs\/\"]}]}<\/script>\n<!-- \/ Yoast SEO plugin. -->","yoast_head_json":{"title":"Swinger Rake - Coastal Jibs Shop","robots":{"index":"index","follow":"follow","max-snippet":"max-snippet:-1","max-image-preview":"max-image-preview:large","max-video-preview":"max-video-preview:-1"},"canonical":"https:\/\/shop.coastaljibs.ca\/fr\/produit\/swinger-rake\/","og_locale":"fr_CA","og_type":"article","og_title":"Swinger Rake - Coastal Jibs Shop","og_description":"New design for winter 2025-2026! Now available in both T-handle and D-handle.  Lightweight 26 inch wide blade, ideal for maintaining lift stations &amp; light duty maintenance.","og_url":"https:\/\/shop.coastaljibs.ca\/fr\/produit\/swinger-rake\/","og_site_name":"Coastal Jibs Shop","article_publisher":"https:\/\/www.facebook.com\/CoastalJibs","article_modified_time":"2026-03-09T14:51:35+00:00","og_image":[{"width":960,"height":960,"url":"https:\/\/shop.coastaljibs.ca\/wp-content\/uploads\/2025\/10\/Coastal-Jibs-Swinger-rake.jpg","type":"image\/jpeg"}],"twitter_card":"summary_large_image","schema":{"@context":"https:\/\/schema.org","@graph":[{"@type":"WebPage","@id":"https:\/\/shop.coastaljibs.ca\/product\/swinger-rake\/","url":"https:\/\/shop.coastaljibs.ca\/product\/swinger-rake\/","name":"Swinger Rake - Coastal Jibs Shop","isPartOf":{"@id":"https:\/\/shop.coastaljibs.ca\/fr\/#website"},"primaryImageOfPage":{"@id":"https:\/\/shop.coastaljibs.ca\/product\/swinger-rake\/#primaryimage"},"image":{"@id":"https:\/\/shop.coastaljibs.ca\/product\/swinger-rake\/#primaryimage"},"thumbnailUrl":"https:\/\/i0.wp.com\/shop.coastaljibs.ca\/wp-content\/uploads\/2025\/10\/Coastal-Jibs-Swinger-rake.jpg?fit=960%2C960&ssl=1","datePublished":"2021-02-23T18:42:33+00:00","dateModified":"2026-03-09T14:51:35+00:00","breadcrumb":{"@id":"https:\/\/shop.coastaljibs.ca\/product\/swinger-rake\/#breadcrumb"},"inLanguage":"fr-CA","potentialAction":[{"@type":"ReadAction","target":["https:\/\/shop.coastaljibs.ca\/product\/swinger-rake\/"]}]},{"@type":"ImageObject","inLanguage":"fr-CA","@id":"https:\/\/shop.coastaljibs.ca\/product\/swinger-rake\/#primaryimage","url":"https:\/\/i0.wp.com\/shop.coastaljibs.ca\/wp-content\/uploads\/2025\/10\/Coastal-Jibs-Swinger-rake.jpg?fit=960%2C960&ssl=1","contentUrl":"https:\/\/i0.wp.com\/shop.coastaljibs.ca\/wp-content\/uploads\/2025\/10\/Coastal-Jibs-Swinger-rake.jpg?fit=960%2C960&ssl=1","width":960,"height":960,"caption":"Swinger rake"},{"@type":"BreadcrumbList","@id":"https:\/\/shop.coastaljibs.ca\/product\/swinger-rake\/#breadcrumb","itemListElement":[{"@type":"ListItem","position":1,"name":"Home","item":"https:\/\/shop.coastaljibs.ca\/"},{"@type":"ListItem","position":2,"name":"Shop","item":"https:\/\/shop.coastaljibs.ca\/shop\/"},{"@type":"ListItem","position":3,"name":"Swinger Rake"}]},{"@type":"WebSite","@id":"https:\/\/shop.coastaljibs.ca\/fr\/#website","url":"https:\/\/shop.coastaljibs.ca\/fr\/","name":"Coastal Jibs Shop","description":"Online store for backyard rails, skate rails, dirt and snow tools.","publisher":{"@id":"https:\/\/shop.coastaljibs.ca\/fr\/#organization"},"potentialAction":[{"@type":"SearchAction","target":{"@type":"EntryPoint","urlTemplate":"https:\/\/shop.coastaljibs.ca\/fr\/?s={search_term_string}"},"query-input":{"@type":"PropertyValueSpecification","valueRequired":true,"valueName":"search_term_string"}}],"inLanguage":"fr-CA"},{"@type":"Organization","@id":"https:\/\/shop.coastaljibs.ca\/fr\/#organization","name":"Coastal Jibs Shop","url":"https:\/\/shop.coastaljibs.ca\/fr\/","logo":{"@type":"ImageObject","inLanguage":"fr-CA","@id":"https:\/\/shop.coastaljibs.ca\/fr\/#\/schema\/logo\/image\/","url":"https:\/\/i0.wp.com\/shop.coastaljibs.ca\/wp-content\/uploads\/2024\/02\/coastal_jibs_black_borders.png?fit=2750%2C2125&ssl=1","contentUrl":"https:\/\/i0.wp.com\/shop.coastaljibs.ca\/wp-content\/uploads\/2024\/02\/coastal_jibs_black_borders.png?fit=2750%2C2125&ssl=1","width":2750,"height":2125,"caption":"Coastal Jibs Shop"},"image":{"@id":"https:\/\/shop.coastaljibs.ca\/fr\/#\/schema\/logo\/image\/"},"sameAs":["https:\/\/www.facebook.com\/CoastalJibs","https:\/\/www.instagram.com\/coastaljibs\/"]}]}},"jetpack_sharing_enabled":true,"_links":{"self":[{"href":"https:\/\/shop.coastaljibs.ca\/fr\/wp-json\/wp\/v2\/product\/86","targetHints":{"allow":["GET"]}}],"collection":[{"href":"https:\/\/shop.coastaljibs.ca\/fr\/wp-json\/wp\/v2\/product"}],"about":[{"href":"https:\/\/shop.coastaljibs.ca\/fr\/wp-json\/wp\/v2\/types\/product"}],"wp:featuredmedia":[{"embeddable":true,"href":"https:\/\/shop.coastaljibs.ca\/fr\/wp-json\/wp\/v2\/media\/1167"}],"wp:attachment":[{"href":"https:\/\/shop.coastaljibs.ca\/fr\/wp-json\/wp\/v2\/media?parent=86"}],"wp:term":[{"taxonomy":"product_brand","embeddable":true,"href":"https:\/\/shop.coastaljibs.ca\/fr\/wp-json\/wp\/v2\/product_brand?post=86"},{"taxonomy":"product_cat","embeddable":true,"href":"https:\/\/shop.coastaljibs.ca\/fr\/wp-json\/wp\/v2\/product_cat?post=86"},{"taxonomy":"product_tag","embeddable":true,"href":"https:\/\/shop.coastaljibs.ca\/fr\/wp-json\/wp\/v2\/product_tag?post=86"}],"curies":[{"name":"wp","href":"https:\/\/api.w.org\/{rel}","templated":true}]}}